{"id":338646,"date":"2026-01-13T14:42:30","date_gmt":"2026-01-13T20:42:30","guid":{"rendered":"https:\/\/www.movemobility.ca\/?post_type=product&#038;p=338646"},"modified":"2026-04-23T15:22:26","modified_gmt":"2026-04-23T20:22:26","slug":"2025-ram-promaster-side-entry-van-for-sale-p117137","status":"publish","type":"product","link":"https:\/\/www.movemobility.ca\/fr\/wheelchair-van-for-sale\/2025-ram-promaster-side-entry-van-for-sale-p117137\/","title":{"rendered":"2025 Ram Promaster Side Entry Van For Sale (P117137)"},"content":{"rendered":"<h3>2025 Ram Promaster Side Entry Van For Sale<\/h3>\n<p>Looking for a new Ram Promaster side entry van for sale to add to your transportation program? The P4 is a full-size wheelchair accessible van, built on the Ram Promaster. Often used to replace large buses or upsize from a minivan, the P4 has a small footprint but offers full flexibility with AutoFloor.<\/p>\n<p><a href=\"https:\/\/www.movemobility.ca\/fr\/fourgons-ram-promaster-accessibles-aux-fauteuils-roulants\/la-serie-p\/ram-promaster-p4\/\"><strong>Click here to learn more about the P4.<\/strong><\/a><\/p>\n<p>This wheelchair accessible conversion van is configured with:<\/p>\n<ul>\n<li>AutoFloor, qui vous permet de modifier la disposition des si\u00e8ges en cours de route<\/li>\n<li>4 removeable seats<\/li>\n<li>1 wheelchair restraint kits<\/li>\n<li>Bus-style transit doors, giving drivers visibility of the curb for easy unloading and loading<\/li>\n<li>Power folding ramp for easy operation<\/li>\n<li>Exterior door open\/close switch for easy access<\/li>\n<li>Ensemble complet d'isolation pour assurer le confort des passagers quel que soit le climat<\/li>\n<li>Syst\u00e8me de chauffage et de climatisation arri\u00e8re de grande capacit\u00e9<\/li>\n<li>Eclairage LED pour un int\u00e9rieur clair et propre<\/li>\n<li>D409 Mat\u00e9riel \u00e0 usage commercial<\/li>\n<li>Le prix comprend la livraison \u00e0 votre domicile<\/li>\n<\/ul>\n<p>&nbsp;<\/p>\n<p>Contactez nos experts en mobilit\u00e9 commerciale <a href=\"#request-info-form\">ici<\/a> ou \u00e0 <a href=\"tel:8889513808\">888-951-3808<\/a> d\u00e8s aujourd'hui pour plus d'informations et pour conna\u00eetre les tarifs.<\/p>\n<h3>Liens utiles :<\/h3>\n<ul>\n<li><a href=\"https:\/\/www.movemobility.ca\/fr\/ressources\/combien-coute-un-fourgon-pour-fauteuils-roulants\/\" target=\"_blank\" rel=\"noopener\">How much does a wheelchair van cost?<\/a><\/li>\n<li><a href=\"https:\/\/www.movemobility.ca\/fr\/ressources\/what-is-autofloor\/\" target=\"_blank\" rel=\"noopener\">Qu'est-ce qu'AutoFloor ?<\/a><\/li>\n<\/ul>","protected":false},"excerpt":{"rendered":"<p><strong>Stock # :<\/strong> P117137<strong><br \/>\n<\/strong><strong>Disponibilit\u00e9 :<\/strong> Disponible pour une livraison imm\u00e9diate<br \/>\n<strong>\u00c9tat :<\/strong> Nouveau<br \/>\n<strong>Conversion :<\/strong> MoveMobility P4<br \/>\n<strong>Localisation actuelle :<\/strong> Winnipeg, MB<\/p>","protected":false},"featured_media":212574,"template":"","meta":{"content-type":""},"product_brand":[],"product_cat":[2258],"product_tag":[2608,2606,2414,2568],"class_list":{"0":"post-338646","1":"product","2":"type-product","3":"status-publish","4":"has-post-thumbnail","6":"product_cat-inventory","7":"product_tag-commercial-mobility-van","8":"product_tag-ram-promaster-wheelchair-van","9":"product_tag-used-mobility-van","10":"product_tag-wheelchair-van-for-sale","12":"first","13":"instock","14":"shipping-taxable","15":"product-type-simple"},"yoast_head":"<!-- This site is optimized with the Yoast SEO plugin v27.1.1 - https:\/\/yoast.com\/product\/yoast-seo-wordpress\/ -->\n<title>2024 Ram Promaster Side Entry Van For Sale | MoveMobility<\/title>\n<meta name=\"description\" content=\"2024 Ram Promaster Side Entry Van For Sale in Canada. P4 conversion with hydraulic ramp, 6 seats, 2 wheelchair positions. Request pricing today.\" \/>\n<meta name=\"robots\" content=\"index, follow, max-snippet:-1, max-image-preview:large, max-video-preview:-1\" \/>\n<link rel=\"canonical\" href=\"https:\/\/www.movemobility.ca\/fr\/fourgonnette-pour-fauteuils-roulants-a-vendre\/2025-ram-promaster-side-entry-van-for-sale-p117137\/\" \/>\n<meta property=\"og:locale\" content=\"fr_CA\" \/>\n<meta property=\"og:type\" content=\"article\" \/>\n<meta property=\"og:title\" content=\"2024 Ram Promaster Side Entry Van For Sale | MoveMobility\" \/>\n<meta property=\"og:description\" content=\"2024 Ram Promaster Side Entry Van For Sale in Canada. P4 conversion with hydraulic ramp, 6 seats, 2 wheelchair positions. Request pricing today.\" \/>\n<meta property=\"og:url\" content=\"https:\/\/www.movemobility.ca\/fr\/fourgonnette-pour-fauteuils-roulants-a-vendre\/2025-ram-promaster-side-entry-van-for-sale-p117137\/\" \/>\n<meta property=\"og:site_name\" content=\"MoveMobility\" \/>\n<meta property=\"article:publisher\" content=\"https:\/\/www.facebook.com\/mobilitymove\/\" \/>\n<meta property=\"article:modified_time\" content=\"2026-04-23T20:22:26+00:00\" \/>\n<meta property=\"og:image\" content=\"https:\/\/www.movemobility.ca\/wp-content\/uploads\/2024\/09\/P4-Side-Entry-Accessible-Van-1.jpg\" \/>\n\t<meta property=\"og:image:width\" content=\"640\" \/>\n\t<meta property=\"og:image:height\" content=\"427\" \/>\n\t<meta property=\"og:image:type\" content=\"image\/jpeg\" \/>\n<meta name=\"twitter:card\" content=\"summary_large_image\" \/>\n<meta name=\"twitter:site\" content=\"@mobility_move\" \/>\n<meta name=\"twitter:label1\" content=\"Estimation du temps de lecture\" \/>\n\t<meta name=\"twitter:data1\" content=\"1 minute\" \/>\n<script type=\"application\/ld+json\" class=\"yoast-schema-graph\">{\"@context\":\"https:\/\/schema.org\",\"@graph\":[{\"@type\":\"WebPage\",\"@id\":\"https:\/\/www.movemobility.ca\/wheelchair-van-for-sale\/2025-ram-promaster-side-entry-van-for-sale-p117137\/\",\"url\":\"https:\/\/www.movemobility.ca\/wheelchair-van-for-sale\/2025-ram-promaster-side-entry-van-for-sale-p117137\/\",\"name\":\"2024 Ram Promaster Side Entry Van For Sale | MoveMobility\",\"isPartOf\":{\"@id\":\"https:\/\/movemobility.ca\/#website\"},\"primaryImageOfPage\":{\"@id\":\"https:\/\/www.movemobility.ca\/wheelchair-van-for-sale\/2025-ram-promaster-side-entry-van-for-sale-p117137\/#primaryimage\"},\"image\":{\"@id\":\"https:\/\/www.movemobility.ca\/wheelchair-van-for-sale\/2025-ram-promaster-side-entry-van-for-sale-p117137\/#primaryimage\"},\"thumbnailUrl\":\"https:\/\/www.movemobility.ca\/wp-content\/uploads\/2024\/09\/P4-Side-Entry-Accessible-Van-1.jpg\",\"datePublished\":\"2026-01-13T20:42:30+00:00\",\"dateModified\":\"2026-04-23T20:22:26+00:00\",\"description\":\"2024 Ram Promaster Side Entry Van For Sale in Canada. P4 conversion with hydraulic ramp, 6 seats, 2 wheelchair positions. Request pricing today.\",\"breadcrumb\":{\"@id\":\"https:\/\/www.movemobility.ca\/wheelchair-van-for-sale\/2025-ram-promaster-side-entry-van-for-sale-p117137\/#breadcrumb\"},\"inLanguage\":\"fr-CA\",\"potentialAction\":[{\"@type\":\"ReadAction\",\"target\":[\"https:\/\/www.movemobility.ca\/wheelchair-van-for-sale\/2025-ram-promaster-side-entry-van-for-sale-p117137\/\"]}]},{\"@type\":\"ImageObject\",\"inLanguage\":\"fr-CA\",\"@id\":\"https:\/\/www.movemobility.ca\/wheelchair-van-for-sale\/2025-ram-promaster-side-entry-van-for-sale-p117137\/#primaryimage\",\"url\":\"https:\/\/www.movemobility.ca\/wp-content\/uploads\/2024\/09\/P4-Side-Entry-Accessible-Van-1.jpg\",\"contentUrl\":\"https:\/\/www.movemobility.ca\/wp-content\/uploads\/2024\/09\/P4-Side-Entry-Accessible-Van-1.jpg\",\"width\":640,\"height\":427,\"caption\":\"Dual opening bus doors\"},{\"@type\":\"BreadcrumbList\",\"@id\":\"https:\/\/www.movemobility.ca\/wheelchair-van-for-sale\/2025-ram-promaster-side-entry-van-for-sale-p117137\/#breadcrumb\",\"itemListElement\":[{\"@type\":\"ListItem\",\"position\":1,\"name\":\"Wheelchair Accessible Vans &amp; Medical Vehicles\",\"item\":\"https:\/\/www.movemobility.ca\/\"},{\"@type\":\"ListItem\",\"position\":2,\"name\":\"Inventory\",\"item\":\"https:\/\/movemobility.ca\/inventory\/\"},{\"@type\":\"ListItem\",\"position\":3,\"name\":\"2025 Ram Promaster Side Entry Van For Sale (P117137)\"}]},{\"@type\":\"WebSite\",\"@id\":\"https:\/\/movemobility.ca\/#website\",\"url\":\"https:\/\/movemobility.ca\/\",\"name\":\"MoveMobility\",\"description\":\"Wheelchair Accessible Vans &amp; Medical Vehicles\",\"publisher\":{\"@id\":\"https:\/\/movemobility.ca\/#organization\"},\"potentialAction\":[{\"@type\":\"SearchAction\",\"target\":{\"@type\":\"EntryPoint\",\"urlTemplate\":\"https:\/\/movemobility.ca\/?s={search_term_string}\"},\"query-input\":{\"@type\":\"PropertyValueSpecification\",\"valueRequired\":true,\"valueName\":\"search_term_string\"}}],\"inLanguage\":\"fr-CA\"},{\"@type\":\"Organization\",\"@id\":\"https:\/\/movemobility.ca\/#organization\",\"name\":\"MoveMobility\",\"url\":\"https:\/\/movemobility.ca\/\",\"logo\":{\"@type\":\"ImageObject\",\"inLanguage\":\"fr-CA\",\"@id\":\"https:\/\/movemobility.ca\/#\/schema\/logo\/image\/\",\"url\":\"https:\/\/www.movemobility.ca\/wp-content\/uploads\/2021\/06\/MM_logo_Stacked-LG.png\",\"contentUrl\":\"https:\/\/www.movemobility.ca\/wp-content\/uploads\/2021\/06\/MM_logo_Stacked-LG.png\",\"width\":444,\"height\":114,\"caption\":\"MoveMobility\"},\"image\":{\"@id\":\"https:\/\/movemobility.ca\/#\/schema\/logo\/image\/\"},\"sameAs\":[\"https:\/\/www.facebook.com\/mobilitymove\/\",\"https:\/\/x.com\/mobility_move\",\"https:\/\/www.linkedin.com\/company\/3961770\/\",\"https:\/\/www.youtube.com\/channel\/UCiW-UIxjD6wjjX-7KS4z22g\/\"]}]}<\/script>\n<!-- \/ Yoast SEO plugin. -->","yoast_head_json":{"title":"2024 Ram Promaster Side Entry Van For Sale | MoveMobility","description":"2024 Ram Promaster Side Entry Van For Sale in Canada. P4 conversion with hydraulic ramp, 6 seats, 2 wheelchair positions. Request pricing today.","robots":{"index":"index","follow":"follow","max-snippet":"max-snippet:-1","max-image-preview":"max-image-preview:large","max-video-preview":"max-video-preview:-1"},"canonical":"https:\/\/www.movemobility.ca\/fr\/fourgonnette-pour-fauteuils-roulants-a-vendre\/2025-ram-promaster-side-entry-van-for-sale-p117137\/","og_locale":"fr_CA","og_type":"article","og_title":"2024 Ram Promaster Side Entry Van For Sale | MoveMobility","og_description":"2024 Ram Promaster Side Entry Van For Sale in Canada. P4 conversion with hydraulic ramp, 6 seats, 2 wheelchair positions. Request pricing today.","og_url":"https:\/\/www.movemobility.ca\/fr\/fourgonnette-pour-fauteuils-roulants-a-vendre\/2025-ram-promaster-side-entry-van-for-sale-p117137\/","og_site_name":"MoveMobility","article_publisher":"https:\/\/www.facebook.com\/mobilitymove\/","article_modified_time":"2026-04-23T20:22:26+00:00","og_image":[{"width":640,"height":427,"url":"https:\/\/www.movemobility.ca\/wp-content\/uploads\/2024\/09\/P4-Side-Entry-Accessible-Van-1.jpg","type":"image\/jpeg"}],"twitter_card":"summary_large_image","twitter_site":"@mobility_move","twitter_misc":{"Estimation du temps de lecture":"1 minute"},"schema":{"@context":"https:\/\/schema.org","@graph":[{"@type":"WebPage","@id":"https:\/\/www.movemobility.ca\/wheelchair-van-for-sale\/2025-ram-promaster-side-entry-van-for-sale-p117137\/","url":"https:\/\/www.movemobility.ca\/wheelchair-van-for-sale\/2025-ram-promaster-side-entry-van-for-sale-p117137\/","name":"2024 Ram Promaster Side Entry Van For Sale | MoveMobility","isPartOf":{"@id":"https:\/\/movemobility.ca\/#website"},"primaryImageOfPage":{"@id":"https:\/\/www.movemobility.ca\/wheelchair-van-for-sale\/2025-ram-promaster-side-entry-van-for-sale-p117137\/#primaryimage"},"image":{"@id":"https:\/\/www.movemobility.ca\/wheelchair-van-for-sale\/2025-ram-promaster-side-entry-van-for-sale-p117137\/#primaryimage"},"thumbnailUrl":"https:\/\/www.movemobility.ca\/wp-content\/uploads\/2024\/09\/P4-Side-Entry-Accessible-Van-1.jpg","datePublished":"2026-01-13T20:42:30+00:00","dateModified":"2026-04-23T20:22:26+00:00","description":"2024 Ram Promaster Side Entry Van For Sale in Canada. P4 conversion with hydraulic ramp, 6 seats, 2 wheelchair positions. Request pricing today.","breadcrumb":{"@id":"https:\/\/www.movemobility.ca\/wheelchair-van-for-sale\/2025-ram-promaster-side-entry-van-for-sale-p117137\/#breadcrumb"},"inLanguage":"fr-CA","potentialAction":[{"@type":"ReadAction","target":["https:\/\/www.movemobility.ca\/wheelchair-van-for-sale\/2025-ram-promaster-side-entry-van-for-sale-p117137\/"]}]},{"@type":"ImageObject","inLanguage":"fr-CA","@id":"https:\/\/www.movemobility.ca\/wheelchair-van-for-sale\/2025-ram-promaster-side-entry-van-for-sale-p117137\/#primaryimage","url":"https:\/\/www.movemobility.ca\/wp-content\/uploads\/2024\/09\/P4-Side-Entry-Accessible-Van-1.jpg","contentUrl":"https:\/\/www.movemobility.ca\/wp-content\/uploads\/2024\/09\/P4-Side-Entry-Accessible-Van-1.jpg","width":640,"height":427,"caption":"Dual opening bus doors"},{"@type":"BreadcrumbList","@id":"https:\/\/www.movemobility.ca\/wheelchair-van-for-sale\/2025-ram-promaster-side-entry-van-for-sale-p117137\/#breadcrumb","itemListElement":[{"@type":"ListItem","position":1,"name":"Wheelchair Accessible Vans &amp; Medical Vehicles","item":"https:\/\/www.movemobility.ca\/"},{"@type":"ListItem","position":2,"name":"Inventory","item":"https:\/\/movemobility.ca\/inventory\/"},{"@type":"ListItem","position":3,"name":"2025 Ram Promaster Side Entry Van For Sale (P117137)"}]},{"@type":"WebSite","@id":"https:\/\/movemobility.ca\/#website","url":"https:\/\/movemobility.ca\/","name":"MoveMobility","description":"Fourgons et v\u00e9hicules m\u00e9dicaux accessibles aux fauteuils roulants","publisher":{"@id":"https:\/\/movemobility.ca\/#organization"},"potentialAction":[{"@type":"SearchAction","target":{"@type":"EntryPoint","urlTemplate":"https:\/\/movemobility.ca\/?s={search_term_string}"},"query-input":{"@type":"PropertyValueSpecification","valueRequired":true,"valueName":"search_term_string"}}],"inLanguage":"fr-CA"},{"@type":"Organization","@id":"https:\/\/movemobility.ca\/#organization","name":"MoveMobility","url":"https:\/\/movemobility.ca\/","logo":{"@type":"ImageObject","inLanguage":"fr-CA","@id":"https:\/\/movemobility.ca\/#\/schema\/logo\/image\/","url":"https:\/\/www.movemobility.ca\/wp-content\/uploads\/2021\/06\/MM_logo_Stacked-LG.png","contentUrl":"https:\/\/www.movemobility.ca\/wp-content\/uploads\/2021\/06\/MM_logo_Stacked-LG.png","width":444,"height":114,"caption":"MoveMobility"},"image":{"@id":"https:\/\/movemobility.ca\/#\/schema\/logo\/image\/"},"sameAs":["https:\/\/www.facebook.com\/mobilitymove\/","https:\/\/x.com\/mobility_move","https:\/\/www.linkedin.com\/company\/3961770\/","https:\/\/www.youtube.com\/channel\/UCiW-UIxjD6wjjX-7KS4z22g\/"]}]}},"_links":{"self":[{"href":"https:\/\/www.movemobility.ca\/fr\/wp-json\/wp\/v2\/product\/338646","targetHints":{"allow":["GET"]}}],"collection":[{"href":"https:\/\/www.movemobility.ca\/fr\/wp-json\/wp\/v2\/product"}],"about":[{"href":"https:\/\/www.movemobility.ca\/fr\/wp-json\/wp\/v2\/types\/product"}],"wp:featuredmedia":[{"embeddable":true,"href":"https:\/\/www.movemobility.ca\/fr\/wp-json\/wp\/v2\/media\/212574"}],"wp:attachment":[{"href":"https:\/\/www.movemobility.ca\/fr\/wp-json\/wp\/v2\/media?parent=338646"}],"wp:term":[{"taxonomy":"product_brand","embeddable":true,"href":"https:\/\/www.movemobility.ca\/fr\/wp-json\/wp\/v2\/product_brand?post=338646"},{"taxonomy":"product_cat","embeddable":true,"href":"https:\/\/www.movemobility.ca\/fr\/wp-json\/wp\/v2\/product_cat?post=338646"},{"taxonomy":"product_tag","embeddable":true,"href":"https:\/\/www.movemobility.ca\/fr\/wp-json\/wp\/v2\/product_tag?post=338646"}],"curies":[{"name":"wp","href":"https:\/\/api.w.org\/{rel}","templated":true}]}}