{"id":220469,"date":"2024-10-18T16:28:20","date_gmt":"2024-10-18T21:28:20","guid":{"rendered":"https:\/\/www.movemobility.ca\/?page_id=220469"},"modified":"2025-09-12T11:00:30","modified_gmt":"2025-09-12T16:00:30","slug":"andy-szun","status":"publish","type":"page","link":"https:\/\/www.movemobility.ca\/fr\/andy-szun\/","title":{"rendered":"Andy Szun"},"content":{"rendered":"<div data-elementor-type=\"wp-page\" data-elementor-id=\"220469\" class=\"elementor elementor-220469\" data-elementor-post-type=\"page\">\n\t\t\t\t\t\t<section class=\"elementor-section elementor-top-section elementor-element elementor-element-5ee6822 elementor-section-boxed elementor-section-height-default elementor-section-height-default\" data-id=\"5ee6822\" data-element_type=\"section\" data-e-type=\"section\">\n\t\t\t\t\t\t<div class=\"elementor-container elementor-column-gap-default\">\n\t\t\t\t\t<div class=\"elementor-column elementor-col-100 elementor-top-column elementor-element elementor-element-d9eb0ea\" data-id=\"d9eb0ea\" data-element_type=\"column\" data-e-type=\"column\">\n\t\t\t<div class=\"elementor-widget-wrap elementor-element-populated\">\n\t\t\t\t\t\t<div class=\"elementor-element elementor-element-ffa518b elementor-widget elementor-widget-heading\" data-id=\"ffa518b\" data-element_type=\"widget\" data-e-type=\"widget\" data-widget_type=\"heading.default\">\n\t\t\t\t\t<h1 class=\"elementor-heading-title elementor-size-default\">Se connecter avec Andy<\/h1>\t\t\t\t<\/div>\n\t\t\t\t\t<\/div>\n\t\t<\/div>\n\t\t\t\t\t<\/div>\n\t\t<\/section>\n\t\t\t\t<section class=\"elementor-section elementor-top-section elementor-element elementor-element-27c1518 elementor-section-boxed elementor-section-height-default elementor-section-height-default\" data-id=\"27c1518\" data-element_type=\"section\" data-e-type=\"section\">\n\t\t\t\t\t\t<div class=\"elementor-container elementor-column-gap-default\">\n\t\t\t\t\t<div class=\"elementor-column elementor-col-50 elementor-top-column elementor-element elementor-element-23fcee4\" data-id=\"23fcee4\" data-element_type=\"column\" data-e-type=\"column\" data-settings=\"{&quot;background_background&quot;:&quot;classic&quot;}\">\n\t\t\t<div class=\"elementor-widget-wrap elementor-element-populated\">\n\t\t\t\t\t\t<div class=\"elementor-element elementor-element-0d83dca elementor-widget__width-initial elementor-author-box--layout-image-above elementor-author-box--align-left elementor-widget-mobile__width-initial elementor-widget elementor-widget-author-box\" data-id=\"0d83dca\" data-element_type=\"widget\" data-e-type=\"widget\" data-widget_type=\"author-box.default\">\n\t\t\t\t\t\t\t<div class=\"elementor-author-box\">\n\t\t\t\t\t\t\t<div  class=\"elementor-author-box__avatar\">\n\t\t\t\t\t<img decoding=\"async\" data-src=\"https:\/\/www.movemobility.ca\/wp-content\/uploads\/2024\/07\/Andy-Szun.jpg\" alt=\"Author picture\" width=\"450\" class=\"smush-dimensions lazyload\" style=\"--smush-image-width: 450px; --smush-image-aspect-ratio: 450\/450;\" src=\"data:image\/svg+xml;base64,PHN2ZyB3aWR0aD0iMSIgaGVpZ2h0PSIxIiB4bWxucz0iaHR0cDovL3d3dy53My5vcmcvMjAwMC9zdmciPjwvc3ZnPg==\" data-srcset=\"https:\/\/www.movemobility.ca\/wp-content\/uploads\/2024\/07\/Andy-Szun.jpg 450w, https:\/\/www.movemobility.ca\/wp-content\/uploads\/2024\/07\/Andy-Szun-100x100.jpg 100w\" data-sizes=\"auto\" data-original-sizes=\"(max-width: 450px) 100vw, 450px\">\n\t\t\t\t<\/div>\n\t\t\t\n\t\t\t<div class=\"elementor-author-box__text\">\n\t\t\t\t\n\t\t\t\t\n\t\t\t\t\t\t\t<\/div>\n\t\t<\/div>\n\t\t\t\t\t\t<\/div>\n\t\t\t\t<section class=\"elementor-section elementor-inner-section elementor-element elementor-element-42fc3ac elementor-section-boxed elementor-section-height-default elementor-section-height-default\" data-id=\"42fc3ac\" data-element_type=\"section\" data-e-type=\"section\">\n\t\t\t\t\t\t<div class=\"elementor-container elementor-column-gap-default\">\n\t\t\t\t\t<div class=\"elementor-column elementor-col-100 elementor-inner-column elementor-element elementor-element-ef8236a\" data-id=\"ef8236a\" data-element_type=\"column\" data-e-type=\"column\">\n\t\t\t<div class=\"elementor-widget-wrap elementor-element-populated\">\n\t\t\t\t\t\t<div class=\"elementor-element elementor-element-74ed7e9 elementor-widget-mobile__width-initial elementor-widget__width-initial elementor-view-default elementor-widget elementor-widget-icon\" data-id=\"74ed7e9\" data-element_type=\"widget\" data-e-type=\"widget\" data-widget_type=\"icon.default\">\n\t\t\t\t\t\t\t<div class=\"elementor-icon-wrapper\">\n\t\t\t<a class=\"elementor-icon\" href=\"https:\/\/www.linkedin.com\/in\/andrew-szun-a61a98106\/\">\n\t\t\t<i aria-hidden=\"true\" class=\"fab fa-linkedin\"><\/i>\t\t\t<\/a>\n\t\t<\/div>\n\t\t\t\t\t\t<\/div>\n\t\t\t\t<div class=\"elementor-element elementor-element-7161983 elementor-widget-mobile__width-initial elementor-widget__width-initial elementor-view-default elementor-widget elementor-widget-icon\" data-id=\"7161983\" data-element_type=\"widget\" data-e-type=\"widget\" data-widget_type=\"icon.default\">\n\t\t\t\t\t\t\t<div class=\"elementor-icon-wrapper\">\n\t\t\t<a class=\"elementor-icon\" href=\"mailto:andrew.szun@www.movemobility.ca\">\n\t\t\t<i aria-hidden=\"true\" class=\"fas fa-envelope-open-text\"><\/i>\t\t\t<\/a>\n\t\t<\/div>\n\t\t\t\t\t\t<\/div>\n\t\t\t\t<div class=\"elementor-element elementor-element-d144b70 elementor-widget__width-initial elementor-widget-mobile__width-initial elementor-view-default elementor-widget elementor-widget-icon\" data-id=\"d144b70\" data-element_type=\"widget\" data-e-type=\"widget\" data-widget_type=\"icon.default\">\n\t\t\t\t\t\t\t<div class=\"elementor-icon-wrapper\">\n\t\t\t<a class=\"elementor-icon\" href=\"tel:204-478-3366\">\n\t\t\t<i aria-hidden=\"true\" class=\"fas fa-phone-alt\"><\/i>\t\t\t<\/a>\n\t\t<\/div>\n\t\t\t\t\t\t<\/div>\n\t\t\t\t\t<\/div>\n\t\t<\/div>\n\t\t\t\t\t<\/div>\n\t\t<\/section>\n\t\t\t\t\t<\/div>\n\t\t<\/div>\n\t\t\t\t<div class=\"elementor-column elementor-col-50 elementor-top-column elementor-element elementor-element-dc00f38\" data-id=\"dc00f38\" data-element_type=\"column\" data-e-type=\"column\">\n\t\t\t<div class=\"elementor-widget-wrap elementor-element-populated\">\n\t\t\t\t\t\t<div class=\"elementor-element elementor-element-5e6eb68 elementor-widget elementor-widget-heading\" data-id=\"5e6eb68\" data-element_type=\"widget\" data-e-type=\"widget\" data-widget_type=\"heading.default\">\n\t\t\t\t\t<h2 class=\"elementor-heading-title elementor-size-default\">\u00c0 propos d'Andy<\/h2>\t\t\t\t<\/div>\n\t\t\t\t<div class=\"elementor-element elementor-element-16db3f7 elementor-widget__width-initial elementor-widget-mobile__width-initial elementor-widget elementor-widget-text-editor\" data-id=\"16db3f7\" data-element_type=\"widget\" data-e-type=\"widget\" data-widget_type=\"text-editor.default\">\n\t\t\t\t\t\t\t\t\t<p>La passion d'Andy Szun pour les transports accessibles d\u00e9coule de son exp\u00e9rience personnelle en tant que soignant de sa grand-m\u00e8re en fauteuil roulant, o\u00f9 il a \u00e9t\u00e9 t\u00e9moin des d\u00e9fis pos\u00e9s par les v\u00e9hicules non accessibles. Chez MoveMobility, Andy s'\u00e9panouit en aidant les communaut\u00e9s \u00e0 acc\u00e9der \u00e0 des solutions qui changent la vie. En tant que joueur de crosse de haut niveau \u00e0 l'universit\u00e9 et capitaine d'\u00e9quipe, il a d\u00e9velopp\u00e9 des comp\u00e9tences de leadership et d'empathie, apprenant \u00e0 voir les situations du point de vue d'autrui. Aujourd'hui, Andy applique ces connaissances en comprenant les d\u00e9fis uniques de ses clients et en proposant des solutions qui ont un impact durable, am\u00e9liorant la mobilit\u00e9 et les vies.<\/p>\t\t\t\t\t\t\t\t<\/div>\n\t\t\t\t<div class=\"elementor-element elementor-element-15d4d6c elementor-align-left elementor-mobile-align-left elementor-widget elementor-widget-button\" data-id=\"15d4d6c\" data-element_type=\"widget\" data-e-type=\"widget\" data-widget_type=\"button.default\">\n\t\t\t\t\t\t\t\t\t\t<a class=\"elementor-button elementor-button-link elementor-size-sm\" href=\"https:\/\/outlook.office.com\/bookwithme\/user\/81d689eb507d48048fb7fd7c32f890ec@movemobility.ca?anonymous&#038;ismsaljsauthenabled&#038;ep=pcard\" target=\"_blank\">\n\t\t\t\t\t\t<span class=\"elementor-button-content-wrapper\">\n\t\t\t\t\t\t\t\t\t<span class=\"elementor-button-text\">Fixer un rendez-vous avec Andy<\/span>\n\t\t\t\t\t<\/span>\n\t\t\t\t\t<\/a>\n\t\t\t\t\t\t\t\t<\/div>\n\t\t\t\t\t<\/div>\n\t\t<\/div>\n\t\t\t\t\t<\/div>\n\t\t<\/section>\n\t\t\t\t<section class=\"elementor-section elementor-top-section elementor-element elementor-element-c1e5b5e elementor-section-boxed elementor-section-height-default elementor-section-height-default\" data-id=\"c1e5b5e\" data-element_type=\"section\" data-e-type=\"section\">\n\t\t\t\t\t\t<div class=\"elementor-container elementor-column-gap-default\">\n\t\t\t\t\t<div class=\"elementor-column elementor-col-100 elementor-top-column elementor-element elementor-element-74c6925\" data-id=\"74c6925\" data-element_type=\"column\" data-e-type=\"column\">\n\t\t\t<div class=\"elementor-widget-wrap elementor-element-populated\">\n\t\t\t\t\t\t<div class=\"elementor-element elementor-element-a4f5bd2 elementor-widget elementor-widget-text-editor\" data-id=\"a4f5bd2\" data-element_type=\"widget\" data-e-type=\"widget\" data-widget_type=\"text-editor.default\">\n\t\t\t\t\t\t\t\t\t<p><strong>Plus d'Andy<\/strong><\/p>\t\t\t\t\t\t\t\t<\/div>\n\t\t\t\t\t<\/div>\n\t\t<\/div>\n\t\t\t\t\t<\/div>\n\t\t<\/section>\n\t\t\t\t<section class=\"elementor-section elementor-top-section elementor-element elementor-element-8ef5de4 elementor-section-boxed elementor-section-height-default elementor-section-height-default\" data-id=\"8ef5de4\" data-element_type=\"section\" data-e-type=\"section\">\n\t\t\t\t\t\t<div class=\"elementor-container elementor-column-gap-default\">\n\t\t\t\t\t<div class=\"elementor-column elementor-col-50 elementor-top-column elementor-element elementor-element-b20559b\" data-id=\"b20559b\" data-element_type=\"column\" data-e-type=\"column\">\n\t\t\t<div class=\"elementor-widget-wrap elementor-element-populated\">\n\t\t\t\t\t\t<div class=\"elementor-element elementor-element-f0cfe81 elementor-widget elementor-widget-video\" data-id=\"f0cfe81\" data-element_type=\"widget\" data-e-type=\"widget\" data-settings=\"{&quot;video_type&quot;:&quot;vimeo&quot;}\" data-widget_type=\"video.default\">\n\t\t\t\t\t\t\t<div class=\"elementor-wrapper elementor-open-inline\">\n\t\t\t<div class=\"lazyload smush-lazyload-video smush-lazyload-vimeo\" style=\"--smush-video-aspect-ratio: 16\/9\" data-bg-image=\"url(https:\/\/www.movemobility.ca\/wp-admin\/admin-ajax.php?action=smush_video_thumbnail&#038;url=https%3A%2F%2Fplayer.vimeo.com%2Fvideo%2F1021121118%3Fcolor%26amp%3Bautopause%3D0%26amp%3Bloop%3D0%26amp%3Bmuted%3D0%26amp%3Btitle%3D0%26amp%3Bportrait%3D0%26amp%3Bbyline%3D0%26amp%3Bh%3D3cfaed3514%23t%3D&#038;video_width=800&#038;video_height=0)\" ><iframe class=\"elementor-video-iframe\" allowfullscreen allow=\"clipboard-write\" title=\"Lecteur vid\u00e9o vimeo\" data-src=\"https:\/\/player.vimeo.com\/video\/1021121118?color&amp;autopause=0&amp;loop=0&amp;muted=0&amp;title=0&amp;portrait=0&amp;byline=0&amp;h=3cfaed3514#t=\" data-no-translation-title=\"\" src=\"data:image\/svg+xml;base64,PHN2ZyB3aWR0aD0iMSIgaGVpZ2h0PSIxIiB4bWxucz0iaHR0cDovL3d3dy53My5vcmcvMjAwMC9zdmciPjwvc3ZnPg==\"><\/iframe><span class=\"smush-play-btn\" role=\"button\" aria-label=\"Play video\">\r\n\t\t\t\t<span tabindex=\"0\" class=\"smush-play-btn-inner\">\r\n\t\t\t\t\t<span>Play<\/span>\r\n\t\t\t\t<\/span>\r\n\t\t\t<\/span><\/div>\t\t<\/div>\n\t\t\t\t\t\t<\/div>\n\t\t\t\t<div class=\"elementor-element elementor-element-20a3db0 elementor-align-center elementor-widget elementor-widget-button\" data-id=\"20a3db0\" data-element_type=\"widget\" data-e-type=\"widget\" data-widget_type=\"button.default\">\n\t\t\t\t\t\t\t\t\t\t<a class=\"elementor-button elementor-button-link elementor-size-sm\" href=\"https:\/\/www.movemobility.ca\/fr\/wheelchair-van-buyers-guide\/\">\n\t\t\t\t\t\t<span class=\"elementor-button-content-wrapper\">\n\t\t\t\t\t\t\t\t\t<span class=\"elementor-button-text\">Obtenez le guide d'achat de votre fourgon pour fauteuils roulants<\/span>\n\t\t\t\t\t<\/span>\n\t\t\t\t\t<\/a>\n\t\t\t\t\t\t\t\t<\/div>\n\t\t\t\t\t<\/div>\n\t\t<\/div>\n\t\t\t\t<div class=\"elementor-column elementor-col-50 elementor-top-column elementor-element elementor-element-f00a893\" data-id=\"f00a893\" data-element_type=\"column\" data-e-type=\"column\">\n\t\t\t<div class=\"elementor-widget-wrap elementor-element-populated\">\n\t\t\t\t\t\t<div class=\"elementor-element elementor-element-5698f82 elementor-widget elementor-widget-video\" data-id=\"5698f82\" data-element_type=\"widget\" data-e-type=\"widget\" data-settings=\"{&quot;video_type&quot;:&quot;vimeo&quot;}\" data-widget_type=\"video.default\">\n\t\t\t\t\t\t\t<div class=\"elementor-wrapper elementor-open-inline\">\n\t\t\t<div class=\"lazyload smush-lazyload-video smush-lazyload-vimeo\" style=\"--smush-video-aspect-ratio: 16\/9\" data-bg-image=\"url(https:\/\/www.movemobility.ca\/wp-admin\/admin-ajax.php?action=smush_video_thumbnail&#038;url=https%3A%2F%2Fplayer.vimeo.com%2Fvideo%2F1039092340%3Fcolor%26amp%3Bautopause%3D0%26amp%3Bloop%3D0%26amp%3Bmuted%3D0%26amp%3Btitle%3D0%26amp%3Bportrait%3D0%26amp%3Bbyline%3D0%26amp%3Bh%3Dff814b48e9%23t%3D&#038;video_width=800&#038;video_height=0)\" ><iframe class=\"elementor-video-iframe\" allowfullscreen allow=\"clipboard-write\" title=\"Lecteur vid\u00e9o vimeo\" data-src=\"https:\/\/player.vimeo.com\/video\/1039092340?color&amp;autopause=0&amp;loop=0&amp;muted=0&amp;title=0&amp;portrait=0&amp;byline=0&amp;h=ff814b48e9#t=\" data-no-translation-title=\"\" src=\"data:image\/svg+xml;base64,PHN2ZyB3aWR0aD0iMSIgaGVpZ2h0PSIxIiB4bWxucz0iaHR0cDovL3d3dy53My5vcmcvMjAwMC9zdmciPjwvc3ZnPg==\"><\/iframe><span class=\"smush-play-btn\" role=\"button\" aria-label=\"Play video\">\r\n\t\t\t\t<span tabindex=\"0\" class=\"smush-play-btn-inner\">\r\n\t\t\t\t\t<span>Play<\/span>\r\n\t\t\t\t<\/span>\r\n\t\t\t<\/span><\/div>\t\t<\/div>\n\t\t\t\t\t\t<\/div>\n\t\t\t\t<div class=\"elementor-element elementor-element-c358c22 elementor-align-center elementor-widget elementor-widget-button\" data-id=\"c358c22\" data-element_type=\"widget\" data-e-type=\"widget\" data-widget_type=\"button.default\">\n\t\t\t\t\t\t\t\t\t\t<a class=\"elementor-button elementor-button-link elementor-size-sm\" href=\"https:\/\/www.movemobility.ca\/fr\/mobile-medical-van-buyers-guide\/\">\n\t\t\t\t\t\t<span class=\"elementor-button-content-wrapper\">\n\t\t\t\t\t\t\t\t\t<span class=\"elementor-button-text\">Obtenez le guide d'achat de votre fourgon m\u00e9dical<\/span>\n\t\t\t\t\t<\/span>\n\t\t\t\t\t<\/a>\n\t\t\t\t\t\t\t\t<\/div>\n\t\t\t\t\t<\/div>\n\t\t<\/div>\n\t\t\t\t\t<\/div>\n\t\t<\/section>\n\t\t\t\t<\/div>","protected":false},"excerpt":{"rendered":"<p>Connect with Andy About Andy Andy Szun\u2019s passion for accessible transportation stems from personal experience caring for his wheelchair-bound grandmother, where he witnessed the challenges of non-accessible vehicles firsthand. At MoveMobility, Andy finds fulfillment in helping communities access life-changing solutions. With a background as a top-performing college lacrosse player and team captain, he developed leadership [&hellip;]<\/p>\n","protected":false},"author":26,"featured_media":85583,"parent":0,"menu_order":0,"comment_status":"closed","ping_status":"closed","template":"","meta":{"content-type":"","footnotes":""},"class_list":["post-220469","page","type-page","status-publish","has-post-thumbnail","hentry"],"yoast_head":"<!-- This site is optimized with the Yoast SEO plugin v27.1.1 - https:\/\/yoast.com\/product\/yoast-seo-wordpress\/ -->\n<title>Andy Szun - Account Executive<\/title>\n<meta name=\"description\" content=\"Simon&#039;s career with MoveMobility has progressed from a hands-on vehicle technician to a dedicated customer service professional. In the pursuit of saving lives, Simon&#039;s expertise lies in building impactful relationships with neighborhoods, communities, tribes, and healthcare providers.\" \/>\n<meta name=\"robots\" content=\"index, follow, max-snippet:-1, max-image-preview:large, max-video-preview:-1\" \/>\n<link rel=\"canonical\" href=\"https:\/\/www.movemobility.ca\/fr\/andy-szun\/\" \/>\n<meta property=\"og:locale\" content=\"fr_CA\" \/>\n<meta property=\"og:type\" content=\"article\" \/>\n<meta property=\"og:title\" content=\"Andy Szun - Account Executive\" \/>\n<meta property=\"og:description\" content=\"Simon&#039;s career with MoveMobility has progressed from a hands-on vehicle technician to a dedicated customer service professional. In the pursuit of saving lives, Simon&#039;s expertise lies in building impactful relationships with neighborhoods, communities, tribes, and healthcare providers.\" \/>\n<meta property=\"og:url\" content=\"https:\/\/www.movemobility.ca\/fr\/andy-szun\/\" \/>\n<meta property=\"og:site_name\" content=\"MoveMobility\" \/>\n<meta property=\"article:publisher\" content=\"https:\/\/www.facebook.com\/mobilitymove\/\" \/>\n<meta property=\"article:modified_time\" content=\"2025-09-12T16:00:30+00:00\" \/>\n<meta property=\"og:image\" content=\"https:\/\/www.movemobility.ca\/wp-content\/uploads\/2021\/12\/Simon-Jones.jpg\" \/>\n\t<meta property=\"og:image:width\" content=\"450\" \/>\n\t<meta property=\"og:image:height\" content=\"450\" \/>\n\t<meta property=\"og:image:type\" content=\"image\/jpeg\" \/>\n<meta name=\"twitter:card\" content=\"summary_large_image\" \/>\n<meta name=\"twitter:site\" content=\"@mobility_move\" \/>\n<meta name=\"twitter:label1\" content=\"Estimation du temps de lecture\" \/>\n\t<meta name=\"twitter:data1\" content=\"1 minute\" \/>\n<script type=\"application\/ld+json\" class=\"yoast-schema-graph\">{\"@context\":\"https:\/\/schema.org\",\"@graph\":[{\"@type\":\"WebPage\",\"@id\":\"https:\/\/www.movemobility.ca\/andy-szun\/\",\"url\":\"https:\/\/www.movemobility.ca\/andy-szun\/\",\"name\":\"Andy Szun - Account Executive\",\"isPartOf\":{\"@id\":\"https:\/\/movemobility.ca\/#website\"},\"primaryImageOfPage\":{\"@id\":\"https:\/\/www.movemobility.ca\/andy-szun\/#primaryimage\"},\"image\":{\"@id\":\"https:\/\/www.movemobility.ca\/andy-szun\/#primaryimage\"},\"thumbnailUrl\":\"https:\/\/www.movemobility.ca\/wp-content\/uploads\/2021\/12\/Simon-Jones.jpg\",\"datePublished\":\"2024-10-18T21:28:20+00:00\",\"dateModified\":\"2025-09-12T16:00:30+00:00\",\"description\":\"Simon's career with MoveMobility has progressed from a hands-on vehicle technician to a dedicated customer service professional. In the pursuit of saving lives, Simon's expertise lies in building impactful relationships with neighborhoods, communities, tribes, and healthcare providers.\",\"breadcrumb\":{\"@id\":\"https:\/\/www.movemobility.ca\/andy-szun\/#breadcrumb\"},\"inLanguage\":\"fr-CA\",\"potentialAction\":[{\"@type\":\"ReadAction\",\"target\":[\"https:\/\/www.movemobility.ca\/andy-szun\/\"]}]},{\"@type\":\"ImageObject\",\"inLanguage\":\"fr-CA\",\"@id\":\"https:\/\/www.movemobility.ca\/andy-szun\/#primaryimage\",\"url\":\"https:\/\/www.movemobility.ca\/wp-content\/uploads\/2021\/12\/Simon-Jones.jpg\",\"contentUrl\":\"https:\/\/www.movemobility.ca\/wp-content\/uploads\/2021\/12\/Simon-Jones.jpg\",\"width\":450,\"height\":450,\"caption\":\"Simon excels in his role as Account Executive at MoveMobility. For over a decade, he has partnered with First Nations communities across the country to support them in enhancing their community transportation and health services.\"},{\"@type\":\"BreadcrumbList\",\"@id\":\"https:\/\/www.movemobility.ca\/andy-szun\/#breadcrumb\",\"itemListElement\":[{\"@type\":\"ListItem\",\"position\":1,\"name\":\"Wheelchair Accessible Vans &amp; Medical Vehicles\",\"item\":\"https:\/\/www.movemobility.ca\/\"},{\"@type\":\"ListItem\",\"position\":2,\"name\":\"Andy Szun\"}]},{\"@type\":\"WebSite\",\"@id\":\"https:\/\/movemobility.ca\/#website\",\"url\":\"https:\/\/movemobility.ca\/\",\"name\":\"MoveMobility\",\"description\":\"Wheelchair Accessible Vans &amp; Medical Vehicles\",\"publisher\":{\"@id\":\"https:\/\/movemobility.ca\/#organization\"},\"potentialAction\":[{\"@type\":\"SearchAction\",\"target\":{\"@type\":\"EntryPoint\",\"urlTemplate\":\"https:\/\/movemobility.ca\/?s={search_term_string}\"},\"query-input\":{\"@type\":\"PropertyValueSpecification\",\"valueRequired\":true,\"valueName\":\"search_term_string\"}}],\"inLanguage\":\"fr-CA\"},{\"@type\":\"Organization\",\"@id\":\"https:\/\/movemobility.ca\/#organization\",\"name\":\"MoveMobility\",\"url\":\"https:\/\/movemobility.ca\/\",\"logo\":{\"@type\":\"ImageObject\",\"inLanguage\":\"fr-CA\",\"@id\":\"https:\/\/movemobility.ca\/#\/schema\/logo\/image\/\",\"url\":\"https:\/\/www.movemobility.ca\/wp-content\/uploads\/2021\/06\/MM_logo_Stacked-LG.png\",\"contentUrl\":\"https:\/\/www.movemobility.ca\/wp-content\/uploads\/2021\/06\/MM_logo_Stacked-LG.png\",\"width\":444,\"height\":114,\"caption\":\"MoveMobility\"},\"image\":{\"@id\":\"https:\/\/movemobility.ca\/#\/schema\/logo\/image\/\"},\"sameAs\":[\"https:\/\/www.facebook.com\/mobilitymove\/\",\"https:\/\/x.com\/mobility_move\",\"https:\/\/www.linkedin.com\/company\/3961770\/\",\"https:\/\/www.youtube.com\/channel\/UCiW-UIxjD6wjjX-7KS4z22g\/\"]}]}<\/script>\n<!-- \/ Yoast SEO plugin. -->","yoast_head_json":{"title":"Andy Szun - Charg\u00e9 de client\u00e8le","description":"La carri\u00e8re de Simon au sein de MoveMobility a \u00e9volu\u00e9 d'un technicien de v\u00e9hicule pratique \u00e0 un professionnel d\u00e9vou\u00e9 du service \u00e0 la client\u00e8le. Dans le but de sauver des vies, l'expertise de Simon r\u00e9side dans l'\u00e9tablissement de relations fructueuses avec les quartiers, les communaut\u00e9s, les tribus et les fournisseurs de soins de sant\u00e9.","robots":{"index":"index","follow":"follow","max-snippet":"max-snippet:-1","max-image-preview":"max-image-preview:large","max-video-preview":"max-video-preview:-1"},"canonical":"https:\/\/www.movemobility.ca\/fr\/andy-szun\/","og_locale":"fr_CA","og_type":"article","og_title":"Andy Szun - Account Executive","og_description":"Simon's career with MoveMobility has progressed from a hands-on vehicle technician to a dedicated customer service professional. In the pursuit of saving lives, Simon's expertise lies in building impactful relationships with neighborhoods, communities, tribes, and healthcare providers.","og_url":"https:\/\/www.movemobility.ca\/fr\/andy-szun\/","og_site_name":"MoveMobility","article_publisher":"https:\/\/www.facebook.com\/mobilitymove\/","article_modified_time":"2025-09-12T16:00:30+00:00","og_image":[{"width":450,"height":450,"url":"https:\/\/www.movemobility.ca\/wp-content\/uploads\/2021\/12\/Simon-Jones.jpg","type":"image\/jpeg"}],"twitter_card":"summary_large_image","twitter_site":"@mobility_move","twitter_misc":{"Estimation du temps de lecture":"1 minute"},"schema":{"@context":"https:\/\/schema.org","@graph":[{"@type":"WebPage","@id":"https:\/\/www.movemobility.ca\/andy-szun\/","url":"https:\/\/www.movemobility.ca\/andy-szun\/","name":"Andy Szun - Charg\u00e9 de client\u00e8le","isPartOf":{"@id":"https:\/\/movemobility.ca\/#website"},"primaryImageOfPage":{"@id":"https:\/\/www.movemobility.ca\/andy-szun\/#primaryimage"},"image":{"@id":"https:\/\/www.movemobility.ca\/andy-szun\/#primaryimage"},"thumbnailUrl":"https:\/\/www.movemobility.ca\/wp-content\/uploads\/2021\/12\/Simon-Jones.jpg","datePublished":"2024-10-18T21:28:20+00:00","dateModified":"2025-09-12T16:00:30+00:00","description":"La carri\u00e8re de Simon au sein de MoveMobility a \u00e9volu\u00e9 d'un technicien de v\u00e9hicule pratique \u00e0 un professionnel d\u00e9vou\u00e9 du service \u00e0 la client\u00e8le. Dans le but de sauver des vies, l'expertise de Simon r\u00e9side dans l'\u00e9tablissement de relations fructueuses avec les quartiers, les communaut\u00e9s, les tribus et les fournisseurs de soins de sant\u00e9.","breadcrumb":{"@id":"https:\/\/www.movemobility.ca\/andy-szun\/#breadcrumb"},"inLanguage":"fr-CA","potentialAction":[{"@type":"ReadAction","target":["https:\/\/www.movemobility.ca\/andy-szun\/"]}]},{"@type":"ImageObject","inLanguage":"fr-CA","@id":"https:\/\/www.movemobility.ca\/andy-szun\/#primaryimage","url":"https:\/\/www.movemobility.ca\/wp-content\/uploads\/2021\/12\/Simon-Jones.jpg","contentUrl":"https:\/\/www.movemobility.ca\/wp-content\/uploads\/2021\/12\/Simon-Jones.jpg","width":450,"height":450,"caption":"Simon excels in his role as Account Executive at MoveMobility. For over a decade, he has partnered with First Nations communities across the country to support them in enhancing their community transportation and health services."},{"@type":"BreadcrumbList","@id":"https:\/\/www.movemobility.ca\/andy-szun\/#breadcrumb","itemListElement":[{"@type":"ListItem","position":1,"name":"Wheelchair Accessible Vans &amp; Medical Vehicles","item":"https:\/\/www.movemobility.ca\/"},{"@type":"ListItem","position":2,"name":"Andy Szun"}]},{"@type":"WebSite","@id":"https:\/\/movemobility.ca\/#website","url":"https:\/\/movemobility.ca\/","name":"MoveMobility","description":"Fourgons et v\u00e9hicules m\u00e9dicaux accessibles aux fauteuils roulants","publisher":{"@id":"https:\/\/movemobility.ca\/#organization"},"potentialAction":[{"@type":"SearchAction","target":{"@type":"EntryPoint","urlTemplate":"https:\/\/movemobility.ca\/?s={search_term_string}"},"query-input":{"@type":"PropertyValueSpecification","valueRequired":true,"valueName":"search_term_string"}}],"inLanguage":"fr-CA"},{"@type":"Organization","@id":"https:\/\/movemobility.ca\/#organization","name":"MoveMobility","url":"https:\/\/movemobility.ca\/","logo":{"@type":"ImageObject","inLanguage":"fr-CA","@id":"https:\/\/movemobility.ca\/#\/schema\/logo\/image\/","url":"https:\/\/www.movemobility.ca\/wp-content\/uploads\/2021\/06\/MM_logo_Stacked-LG.png","contentUrl":"https:\/\/www.movemobility.ca\/wp-content\/uploads\/2021\/06\/MM_logo_Stacked-LG.png","width":444,"height":114,"caption":"MoveMobility"},"image":{"@id":"https:\/\/movemobility.ca\/#\/schema\/logo\/image\/"},"sameAs":["https:\/\/www.facebook.com\/mobilitymove\/","https:\/\/x.com\/mobility_move","https:\/\/www.linkedin.com\/company\/3961770\/","https:\/\/www.youtube.com\/channel\/UCiW-UIxjD6wjjX-7KS4z22g\/"]}]}},"_links":{"self":[{"href":"https:\/\/www.movemobility.ca\/fr\/wp-json\/wp\/v2\/pages\/220469","targetHints":{"allow":["GET"]}}],"collection":[{"href":"https:\/\/www.movemobility.ca\/fr\/wp-json\/wp\/v2\/pages"}],"about":[{"href":"https:\/\/www.movemobility.ca\/fr\/wp-json\/wp\/v2\/types\/page"}],"author":[{"embeddable":true,"href":"https:\/\/www.movemobility.ca\/fr\/wp-json\/wp\/v2\/users\/26"}],"replies":[{"embeddable":true,"href":"https:\/\/www.movemobility.ca\/fr\/wp-json\/wp\/v2\/comments?post=220469"}],"version-history":[{"count":0,"href":"https:\/\/www.movemobility.ca\/fr\/wp-json\/wp\/v2\/pages\/220469\/revisions"}],"wp:featuredmedia":[{"embeddable":true,"href":"https:\/\/www.movemobility.ca\/fr\/wp-json\/wp\/v2\/media\/85583"}],"wp:attachment":[{"href":"https:\/\/www.movemobility.ca\/fr\/wp-json\/wp\/v2\/media?parent=220469"}],"curies":[{"name":"wp","href":"https:\/\/api.w.org\/{rel}","templated":true}]}}